{"id":188,"date":"2025-05-28T09:37:09","date_gmt":"2025-05-28T07:37:09","guid":{"rendered":"https:\/\/test.dicasa.es\/?page_id=188"},"modified":"2025-05-28T09:40:11","modified_gmt":"2025-05-28T07:40:11","slug":"c_esp","status":"publish","type":"page","link":"https:\/\/test.dicasa.es\/?page_id=188","title":{"rendered":"C_ESP"},"content":{"rendered":"<p>[et_pb_section fb_built=\u00bb1&#8243; admin_label=\u00bbHeader \u00bb _builder_version=\u00bb4.27.4&#8243; _module_preset=\u00bb14596b1b-0854-41f4-bfdc-c66b31f3f309&#8243; background_color=\u00bb#F9F8F9&#8243; custom_margin=\u00bb||||false|false\u00bb custom_padding=\u00bb54px||2px|||\u00bb locked=\u00bboff\u00bb collapsed=\u00bbon\u00bb global_colors_info=\u00bb{%22gcid-1f1bf5fb-a99d-4acc-8d9e-ddac074c158c%22:%91%22background_color_gradient_stops%22,%22background_color_gradient_stops%22,%22background_color_gradient_stops%22,%22background_color_gradient_stops%22,%22background_color_gradient_stops%22,%22background_color_gradient_stops%22%93,%22gcid-a78660e1-cfc7-4771-a566-6834d6a7f06a%22:%91%22background_color_gradient_stops%22,%22background_color_gradient_stops%22,%22background_color_gradient_stops%22,%22background_color_gradient_stops%22,%22background_color_gradient_stops%22,%22background_color_gradient_stops%22%93,%22gcid-24b0db87-dafa-47d9-995f-b90181e18c52%22:%91%22background_color_gradient_stops%22,%22background_color_gradient_stops%22,%22background_color_gradient_stops%22,%22background_color_gradient_stops%22,%22background_color_gradient_stops%22,%22background_color_gradient_stops%22%93}\u00bb theme_builder_area=\u00bbpost_content\u00bb][et_pb_row _builder_version=\u00bb4.25.1&#8243; _module_preset=\u00bbdefault\u00bb custom_padding=\u00bb15px|||||\u00bb global_colors_info=\u00bb{}\u00bb theme_builder_area=\u00bbpost_content\u00bb][et_pb_column type=\u00bb4_4&#8243; _builder_version=\u00bb4.25.1&#8243; _module_preset=\u00bbdefault\u00bb global_colors_info=\u00bb{}\u00bb theme_builder_area=\u00bbpost_content\u00bb][et_pb_heading title=\u00bbPol\u00edtica de cookies\u00bb _builder_version=\u00bb4.27.4&#8243; _module_preset=\u00bbf4e787ea-8f0e-4a7d-9ed8-ff35bd02d434&#8243; global_colors_info=\u00bb{}\u00bb theme_builder_area=\u00bbpost_content\u00bb][\/et_pb_heading][et_pb_divider _builder_version=\u00bb4.27.4&#8243; _module_preset=\u00bbf15f0b89-d3d4-49f9-a56d-823b41817ea8&#8243; custom_margin=\u00bb-25px||0px|||\u00bb global_colors_info=\u00bb{}\u00bb theme_builder_area=\u00bbpost_content\u00bb][\/et_pb_divider][et_pb_text _builder_version=\u00bb4.27.4&#8243; _module_preset=\u00bbcff959a8-d670-4f54-8d72-6022d2c38f48&#8243; global_colors_info=\u00bb{}\u00bb theme_builder_area=\u00bbpost_content\u00bb]<\/p>\n<p>Este sitio web utiliza cookies. Las cookies son peque\u00f1os archivos de texto en los que los navegadores almacenan informaci\u00f3n durante las visitas a las p\u00e1ginas web. En las cookies, se pueden recoger datos como la direcci\u00f3n IP, la direcci\u00f3n que se est\u00e1 visitando, el sistema operativo, el idioma de navegaci\u00f3n, adem\u00e1s de otra informaci\u00f3n. Esta informaci\u00f3n no queda asociada a ninguna persona concreta sino que es \u00fanicamente informaci\u00f3n estad\u00edstica para analizar la visibilidad de los diversos contenidos del sitio web.<\/p>\n<p>\u2028\u2028A continuaci\u00f3n, le damos informaci\u00f3n sobre qu\u00e9 cookies utiliza este sitio web as\u00ed como de la forma de controlar la gesti\u00f3n de cookies y de c\u00f3mo eliminarlas completamente.<\/p>\n<h3>Este sitio web utiliza las siguientes cookies:<\/h3>\n<ul>\n<li>\n<p>Cookie de Google Analytics. Google Analytics es un servicio gratuito que ofrece Google Inc. y que recoge informaci\u00f3n sobre qu\u00e9 p\u00e1ginas del sitio web se han consultado, en qu\u00e9 momento, con qu\u00e9 navegador, etc. Posteriormente, esta informaci\u00f3n se env\u00eda a los servidores de Google Inc. en Estados Unidos.<\/p>\n<\/li>\n<li>\n<p>Cookies de car\u00e1cter t\u00e9cnico necesarias para el correcto funcionamiento del web: XSRF-TOKEN y dicasa-distribuidora-de-carburante-s-a-session.<\/p>\n<\/li>\n<\/ul>\n<p>&nbsp;<\/p>\n<p>[\/et_pb_text][\/et_pb_column][\/et_pb_row][\/et_pb_section]<\/p>\n","protected":false},"excerpt":{"rendered":"<p>Este sitio web utiliza cookies. Las cookies son peque\u00f1os archivos de texto en los que los navegadores almacenan informaci\u00f3n durante las visitas a las p\u00e1ginas web. En las cookies, se pueden recoger datos como la direcci\u00f3n IP, la direcci\u00f3n que se est\u00e1 visitando, el sistema operativo, el idioma de navegaci\u00f3n, adem\u00e1s de otra informaci\u00f3n. Esta [&hellip;]<\/p>\n","protected":false},"author":1,"featured_media":0,"parent":0,"menu_order":0,"comment_status":"closed","ping_status":"closed","template":"","meta":{"_et_pb_use_builder":"on","_et_pb_old_content":"","_et_gb_content_width":"","footnotes":""},"class_list":["post-188","page","type-page","status-publish","hentry"],"_links":{"self":[{"href":"https:\/\/test.dicasa.es\/index.php?rest_route=\/wp\/v2\/pages\/188","targetHints":{"allow":["GET"]}}],"collection":[{"href":"https:\/\/test.dicasa.es\/index.php?rest_route=\/wp\/v2\/pages"}],"about":[{"href":"https:\/\/test.dicasa.es\/index.php?rest_route=\/wp\/v2\/types\/page"}],"author":[{"embeddable":true,"href":"https:\/\/test.dicasa.es\/index.php?rest_route=\/wp\/v2\/users\/1"}],"replies":[{"embeddable":true,"href":"https:\/\/test.dicasa.es\/index.php?rest_route=%2Fwp%2Fv2%2Fcomments&post=188"}],"version-history":[{"count":4,"href":"https:\/\/test.dicasa.es\/index.php?rest_route=\/wp\/v2\/pages\/188\/revisions"}],"predecessor-version":[{"id":198,"href":"https:\/\/test.dicasa.es\/index.php?rest_route=\/wp\/v2\/pages\/188\/revisions\/198"}],"wp:attachment":[{"href":"https:\/\/test.dicasa.es\/index.php?rest_route=%2Fwp%2Fv2%2Fmedia&parent=188"}],"curies":[{"name":"wp","href":"https:\/\/api.w.org\/{rel}","templated":true}]}}