{"id":228,"date":"2025-05-28T10:16:20","date_gmt":"2025-05-28T08:16:20","guid":{"rendered":"https:\/\/test.dicasa.es\/?page_id=228"},"modified":"2025-05-28T10:22:06","modified_gmt":"2025-05-28T08:22:06","slug":"c_fr","status":"publish","type":"page","link":"https:\/\/test.dicasa.es\/?page_id=228","title":{"rendered":"C_FR"},"content":{"rendered":"<p>[et_pb_section fb_built=\u00bb1&#8243; admin_label=\u00bbHeader \u00bb _builder_version=\u00bb4.27.4&#8243; _module_preset=\u00bb3b2aa5e8-fb67-42f5-ac71-a663fea9a11c\u00bb background_color=\u00bb#F9F8F9&#8243; custom_margin=\u00bb||||false|false\u00bb custom_padding=\u00bb54px||2px|||\u00bb locked=\u00bboff\u00bb collapsed=\u00bbon\u00bb global_colors_info=\u00bb{%22gcid-1f1bf5fb-a99d-4acc-8d9e-ddac074c158c%22:%91%22background_color_gradient_stops%22,%22background_color_gradient_stops%22,%22background_color_gradient_stops%22,%22background_color_gradient_stops%22,%22background_color_gradient_stops%22,%22background_color_gradient_stops%22%93,%22gcid-a78660e1-cfc7-4771-a566-6834d6a7f06a%22:%91%22background_color_gradient_stops%22,%22background_color_gradient_stops%22,%22background_color_gradient_stops%22,%22background_color_gradient_stops%22,%22background_color_gradient_stops%22,%22background_color_gradient_stops%22%93,%22gcid-24b0db87-dafa-47d9-995f-b90181e18c52%22:%91%22background_color_gradient_stops%22,%22background_color_gradient_stops%22,%22background_color_gradient_stops%22,%22background_color_gradient_stops%22,%22background_color_gradient_stops%22,%22background_color_gradient_stops%22%93}\u00bb theme_builder_area=\u00bbpost_content\u00bb][et_pb_row _builder_version=\u00bb4.25.1&#8243; _module_preset=\u00bbdefault\u00bb custom_padding=\u00bb15px|||||\u00bb global_colors_info=\u00bb{}\u00bb theme_builder_area=\u00bbpost_content\u00bb][et_pb_column type=\u00bb4_4&#8243; _builder_version=\u00bb4.25.1&#8243; _module_preset=\u00bbdefault\u00bb global_colors_info=\u00bb{}\u00bb theme_builder_area=\u00bbpost_content\u00bb][et_pb_heading title=\u00bbPolitique de cookies\u00bb _builder_version=\u00bb4.27.4&#8243; _module_preset=\u00bb6f3fd339-fce4-468f-a3d0-dfea29eddc5a\u00bb global_colors_info=\u00bb{}\u00bb theme_builder_area=\u00bbpost_content\u00bb][\/et_pb_heading][et_pb_divider _builder_version=\u00bb4.27.4&#8243; _module_preset=\u00bbab4457b9-a355-430d-a34a-4a44d7ca5d61&#8243; custom_margin=\u00bb-25px||0px|||\u00bb global_colors_info=\u00bb{}\u00bb theme_builder_area=\u00bbpost_content\u00bb][\/et_pb_divider][et_pb_text _builder_version=\u00bb4.27.4&#8243; _module_preset=\u00bb8b3b41df-c252-4074-845a-4f996eb53981&#8243; global_colors_info=\u00bb{}\u00bb theme_builder_area=\u00bbpost_content\u00bb]<\/p>\n<p>Ce site utilise des cookies. Les cookies sont de petits fichiers texte qui stockent des navigateurs de l\u2019information lors des visites vers des pages Web. Dans les cookies, les donn\u00e9es peuvent \u00eatre collect\u00e9es que l\u2019adresse IP, l\u2019adresse visit\u00e9e, le syst\u00e8me d\u2019exploitation, la langue de la navigation, et d\u2019autres informations. Cette information est associ\u00e9 \u00e0 aucune personne en particulier, mais est seulement l\u2019information statistique pour analyser la visibilit\u00e9 des diff\u00e9rents contenus du site.<\/p>\n<p>Ici, nous vous donnons des informations sur ce que les cookies \u00e0 l\u2019aide de ce site ainsi que la fa\u00e7on de contr\u00f4ler la gestion des cookies et comment les \u00e9liminer compl\u00e8tement.<\/p>\n<h3>Ce site utilise les cookies suivants:<\/h3>\n<ul>\n<li>\n<p>Cookies de Google Analytics. Google Analytics est un service gratuit offert par Google Inc. et recueille des informations sur les pages du site ont \u00e9t\u00e9 consult\u00e9es, \u00e0 quel moment, quel navigateur, etc. Par la suite, cette information est envoy\u00e9e au serveur Google Inc. aux \u00c9tats-Unis.<\/p>\n<\/li>\n<li>\n<p>Cookies \u00e0 caract\u00e8re technique n\u00e9cessaires au bon fonctionnement du site: XSRF-TOKEN et dicasa-distribuidora-de-carburante-s-a-session.<\/p>\n<\/li>\n<\/ul>\n<h3>Comme vous pouvez g\u00e9rer les cookies dans les navigateur?<\/h3>\n<p>L\u2019utilisateur peut g\u00e9rer les cookies install\u00e9s sur votre ordinateur en configurant les options du navigateur. Ici, nous montrons comment vous pouvez changer les param\u00e8tres des cookies dans les principaux navigateurs sur le march\u00e9 pour la version PC. Si vous utilisez d\u2019autres navigateurs ou les plates-formes, s\u2019il vous pla\u00eet consulter la documentation sp\u00e9cifique pr\u00e9vue par le d\u00e9veloppeur du navigateur. L\u2019information pr\u00e9sent\u00e9e ici est pour la configuration pour les versions existantes au moment de la pr\u00e9paration de ce document. Les instructions peuvent diff\u00e9rer dans les futures versions de navigateurs. Dans ce cas, s\u2019il vous pla\u00eet se r\u00e9f\u00e9rer \u00e0 support correspondant du d\u00e9veloppeur.<\/p>\n<ul><\/ul>\n<p>&nbsp;<\/p>\n<p>[\/et_pb_text][\/et_pb_column][\/et_pb_row][\/et_pb_section]<\/p>\n","protected":false},"excerpt":{"rendered":"<p>Ce site utilise des cookies. Les cookies sont de petits fichiers texte qui stockent des navigateurs de l\u2019information lors des visites vers des pages Web. Dans les cookies, les donn\u00e9es peuvent \u00eatre collect\u00e9es que l\u2019adresse IP, l\u2019adresse visit\u00e9e, le syst\u00e8me d\u2019exploitation, la langue de la navigation, et d\u2019autres informations. Cette information est associ\u00e9 \u00e0 aucune [&hellip;]<\/p>\n","protected":false},"author":1,"featured_media":0,"parent":0,"menu_order":0,"comment_status":"closed","ping_status":"closed","template":"","meta":{"_et_pb_use_builder":"on","_et_pb_old_content":"<!-- wp:divi\/placeholder \/-->","_et_gb_content_width":"","footnotes":""},"class_list":["post-228","page","type-page","status-publish","hentry"],"_links":{"self":[{"href":"https:\/\/test.dicasa.es\/index.php?rest_route=\/wp\/v2\/pages\/228","targetHints":{"allow":["GET"]}}],"collection":[{"href":"https:\/\/test.dicasa.es\/index.php?rest_route=\/wp\/v2\/pages"}],"about":[{"href":"https:\/\/test.dicasa.es\/index.php?rest_route=\/wp\/v2\/types\/page"}],"author":[{"embeddable":true,"href":"https:\/\/test.dicasa.es\/index.php?rest_route=\/wp\/v2\/users\/1"}],"replies":[{"embeddable":true,"href":"https:\/\/test.dicasa.es\/index.php?rest_route=%2Fwp%2Fv2%2Fcomments&post=228"}],"version-history":[{"count":3,"href":"https:\/\/test.dicasa.es\/index.php?rest_route=\/wp\/v2\/pages\/228\/revisions"}],"predecessor-version":[{"id":239,"href":"https:\/\/test.dicasa.es\/index.php?rest_route=\/wp\/v2\/pages\/228\/revisions\/239"}],"wp:attachment":[{"href":"https:\/\/test.dicasa.es\/index.php?rest_route=%2Fwp%2Fv2%2Fmedia&parent=228"}],"curies":[{"name":"wp","href":"https:\/\/api.w.org\/{rel}","templated":true}]}}