{"id":248,"date":"2025-05-28T10:37:21","date_gmt":"2025-05-28T08:37:21","guid":{"rendered":"https:\/\/test.dicasa.es\/?page_id=248"},"modified":"2025-05-28T10:38:44","modified_gmt":"2025-05-28T08:38:44","slug":"c_deu","status":"publish","type":"page","link":"https:\/\/test.dicasa.es\/?page_id=248","title":{"rendered":"C_Deu"},"content":{"rendered":"<p>[et_pb_section fb_built=\u00bb1&#8243; admin_label=\u00bbHeader \u00bb _builder_version=\u00bb4.27.4&#8243; _module_preset=\u00bb14596b1b-0854-41f4-bfdc-c66b31f3f309&#8243; background_color=\u00bb#F9F8F9&#8243; custom_margin=\u00bb||||false|false\u00bb custom_padding=\u00bb54px||2px|||\u00bb locked=\u00bboff\u00bb collapsed=\u00bbon\u00bb global_colors_info=\u00bb{%22gcid-1f1bf5fb-a99d-4acc-8d9e-ddac074c158c%22:%91%22background_color_gradient_stops%22,%22background_color_gradient_stops%22,%22background_color_gradient_stops%22,%22background_color_gradient_stops%22,%22background_color_gradient_stops%22,%22background_color_gradient_stops%22%93,%22gcid-a78660e1-cfc7-4771-a566-6834d6a7f06a%22:%91%22background_color_gradient_stops%22,%22background_color_gradient_stops%22,%22background_color_gradient_stops%22,%22background_color_gradient_stops%22,%22background_color_gradient_stops%22,%22background_color_gradient_stops%22%93,%22gcid-24b0db87-dafa-47d9-995f-b90181e18c52%22:%91%22background_color_gradient_stops%22,%22background_color_gradient_stops%22,%22background_color_gradient_stops%22,%22background_color_gradient_stops%22,%22background_color_gradient_stops%22,%22background_color_gradient_stops%22%93}\u00bb theme_builder_area=\u00bbpost_content\u00bb][et_pb_row _builder_version=\u00bb4.25.1&#8243; _module_preset=\u00bbdefault\u00bb custom_padding=\u00bb15px|||||\u00bb global_colors_info=\u00bb{}\u00bb theme_builder_area=\u00bbpost_content\u00bb][et_pb_column type=\u00bb4_4&#8243; _builder_version=\u00bb4.25.1&#8243; _module_preset=\u00bbdefault\u00bb global_colors_info=\u00bb{}\u00bb theme_builder_area=\u00bbpost_content\u00bb][et_pb_heading title=\u00bbCookies\u00bb _builder_version=\u00bb4.27.4&#8243; _module_preset=\u00bbf4e787ea-8f0e-4a7d-9ed8-ff35bd02d434&#8243; global_colors_info=\u00bb{}\u00bb theme_builder_area=\u00bbpost_content\u00bb][\/et_pb_heading][et_pb_divider _builder_version=\u00bb4.27.4&#8243; _module_preset=\u00bbf15f0b89-d3d4-49f9-a56d-823b41817ea8&#8243; custom_margin=\u00bb-25px||0px|||\u00bb global_colors_info=\u00bb{}\u00bb theme_builder_area=\u00bbpost_content\u00bb][\/et_pb_divider][et_pb_text _builder_version=\u00bb4.27.4&#8243; _module_preset=\u00bbcff959a8-d670-4f54-8d72-6022d2c38f48&#8243; global_colors_info=\u00bb{}\u00bb theme_builder_area=\u00bbpost_content\u00bb]<\/p>\n<h1><\/h1>\n<div class=\"readable-text\">\n<p>Diese Website verwendet Cookies. Cookies sind kleine Textdateien, die Informationsbrowser w\u00e4hrend des Besuchs von Webseiten speichern. In Cookies k\u00f6nnen Daten wie die IP-Adresse, die besuchte Adresse, das Betriebssystem, die Sprache der Navigation und andere Informationen gesammelt werden. Diese Informationen sind nicht mit einer bestimmten Person verbunden, sondern sind nur statistische Informationen, um die Sichtbarkeit der verschiedenen Inhalte der Website zu analysieren.<\/p>\n<p>Hier geben wir Ihnen Informationen dar\u00fcber, welche Cookies diese Website verwenden und wie Sie die Verwaltung von Cookies steuern und vollst\u00e4ndig beseitigen k\u00f6nnen.<\/p>\n<h3>Diese Webseite verwendet die folgenden Cookies:<\/h3>\n<ul>\n<li>\n<p>Google Analytics-Cookie Google Analytics ist ein kostenloser Dienst von Google Inc. und sammelt Informationen dar\u00fcber, welche Seiten der Website zu welchem Zeitpunkt, welcher Browser usw. aufgerufen wurden. Anschlie\u00dfend werden diese Informationen an den Server von Google Inc. in den USA gesendet.<\/p>\n<\/li>\n<li>\n<p>Technische Cookies, die f\u00fcr das ordnungsgem\u00e4\u00dfe Funktionieren des Webs erforderlich sind: XSRF-TOKEN und dicasa-distribuidora-de-carburante-s-a-session.<\/p>\n<\/li>\n<\/ul>\n<h3>Wie man Cookies im Browser verwalten kann?<\/h3>\n<p>Der Benutzer kann die auf Ihrem Computer installierten Cookies verwalten, indem er die Browseroptionen konfiguriert. Hier zeigen wir, wie Sie die Cookie-Einstellungen in den wichtigsten Browsern auf dem Markt f\u00fcr PC-Version \u00e4ndern k\u00f6nnen. Wenn Sie andere Browser oder Plattformen verwenden, konsultieren Sie bitte die spezifische Dokumentation des Entwicklers des Browsers. Die hier gezeigten Informationen dienen zur Konfiguration bestehender Versionen zum Zeitpunkt der Erstellung dieses Dokuments. Anweisungen k\u00f6nnen in zuk\u00fcnftigen Versionen von Browsern abweichen. Bitte beachten Sie in diesem Fall den entsprechenden Support des Entwicklers.<\/p>\n<\/div>\n<ul>\n<li><\/li>\n<\/ul>\n<p>&nbsp;<\/p>\n<p>[\/et_pb_text][\/et_pb_column][\/et_pb_row][\/et_pb_section]<\/p>\n","protected":false},"excerpt":{"rendered":"<p>Diese Website verwendet Cookies. Cookies sind kleine Textdateien, die Informationsbrowser w\u00e4hrend des Besuchs von Webseiten speichern. In Cookies k\u00f6nnen Daten wie die IP-Adresse, die besuchte Adresse, das Betriebssystem, die Sprache der Navigation und andere Informationen gesammelt werden. Diese Informationen sind nicht mit einer bestimmten Person verbunden, sondern sind nur statistische Informationen, um die Sichtbarkeit der [&hellip;]<\/p>\n","protected":false},"author":1,"featured_media":0,"parent":0,"menu_order":0,"comment_status":"closed","ping_status":"closed","template":"","meta":{"_et_pb_use_builder":"on","_et_pb_old_content":"","_et_gb_content_width":"","footnotes":""},"class_list":["post-248","page","type-page","status-publish","hentry"],"_links":{"self":[{"href":"https:\/\/test.dicasa.es\/index.php?rest_route=\/wp\/v2\/pages\/248","targetHints":{"allow":["GET"]}}],"collection":[{"href":"https:\/\/test.dicasa.es\/index.php?rest_route=\/wp\/v2\/pages"}],"about":[{"href":"https:\/\/test.dicasa.es\/index.php?rest_route=\/wp\/v2\/types\/page"}],"author":[{"embeddable":true,"href":"https:\/\/test.dicasa.es\/index.php?rest_route=\/wp\/v2\/users\/1"}],"replies":[{"embeddable":true,"href":"https:\/\/test.dicasa.es\/index.php?rest_route=%2Fwp%2Fv2%2Fcomments&post=248"}],"version-history":[{"count":4,"href":"https:\/\/test.dicasa.es\/index.php?rest_route=\/wp\/v2\/pages\/248\/revisions"}],"predecessor-version":[{"id":253,"href":"https:\/\/test.dicasa.es\/index.php?rest_route=\/wp\/v2\/pages\/248\/revisions\/253"}],"wp:attachment":[{"href":"https:\/\/test.dicasa.es\/index.php?rest_route=%2Fwp%2Fv2%2Fmedia&parent=248"}],"curies":[{"name":"wp","href":"https:\/\/api.w.org\/{rel}","templated":true}]}}