{"id":261,"date":"2025-05-28T11:07:41","date_gmt":"2025-05-28T09:07:41","guid":{"rendered":"https:\/\/test.dicasa.es\/?page_id=261"},"modified":"2025-05-28T11:13:29","modified_gmt":"2025-05-28T09:13:29","slug":"priv_deu","status":"publish","type":"page","link":"https:\/\/test.dicasa.es\/?page_id=261","title":{"rendered":"PRIV_DEU"},"content":{"rendered":"<p>[et_pb_section fb_built=\u00bb1&#8243; admin_label=\u00bbHeader \u00bb _builder_version=\u00bb4.27.4&#8243; _module_preset=\u00bb14596b1b-0854-41f4-bfdc-c66b31f3f309&#8243; background_color=\u00bb#F9F8F9&#8243; custom_margin=\u00bb||||false|false\u00bb custom_padding=\u00bb54px||2px|||\u00bb locked=\u00bboff\u00bb collapsed=\u00bbon\u00bb global_colors_info=\u00bb{%22gcid-1f1bf5fb-a99d-4acc-8d9e-ddac074c158c%22:%91%22background_color_gradient_stops%22,%22background_color_gradient_stops%22,%22background_color_gradient_stops%22,%22background_color_gradient_stops%22,%22background_color_gradient_stops%22,%22background_color_gradient_stops%22%93,%22gcid-a78660e1-cfc7-4771-a566-6834d6a7f06a%22:%91%22background_color_gradient_stops%22,%22background_color_gradient_stops%22,%22background_color_gradient_stops%22,%22background_color_gradient_stops%22,%22background_color_gradient_stops%22,%22background_color_gradient_stops%22%93,%22gcid-24b0db87-dafa-47d9-995f-b90181e18c52%22:%91%22background_color_gradient_stops%22,%22background_color_gradient_stops%22,%22background_color_gradient_stops%22,%22background_color_gradient_stops%22,%22background_color_gradient_stops%22,%22background_color_gradient_stops%22%93}\u00bb theme_builder_area=\u00bbpost_content\u00bb][et_pb_row _builder_version=\u00bb4.25.1&#8243; _module_preset=\u00bbdefault\u00bb custom_padding=\u00bb15px|||||\u00bb global_colors_info=\u00bb{}\u00bb theme_builder_area=\u00bbpost_content\u00bb][et_pb_column type=\u00bb4_4&#8243; _builder_version=\u00bb4.25.1&#8243; _module_preset=\u00bbdefault\u00bb global_colors_info=\u00bb{}\u00bb theme_builder_area=\u00bbpost_content\u00bb][et_pb_heading title=\u00bbDatenschutzpolitik\u00bb _builder_version=\u00bb4.27.4&#8243; _module_preset=\u00bbf4e787ea-8f0e-4a7d-9ed8-ff35bd02d434&#8243; global_colors_info=\u00bb{}\u00bb theme_builder_area=\u00bbpost_content\u00bb][\/et_pb_heading][et_pb_divider _builder_version=\u00bb4.27.4&#8243; _module_preset=\u00bbf15f0b89-d3d4-49f9-a56d-823b41817ea8&#8243; custom_margin=\u00bb-25px||0px|||\u00bb global_colors_info=\u00bb{}\u00bb theme_builder_area=\u00bbpost_content\u00bb][\/et_pb_divider][et_pb_text _builder_version=\u00bb4.27.4&#8243; _module_preset=\u00bbcff959a8-d670-4f54-8d72-6022d2c38f48&#8243; global_colors_info=\u00bb{}\u00bb theme_builder_area=\u00bbpost_content\u00bb]<\/p>\n<h1><\/h1>\n<div class=\"readable-text\">\n<p>Gem\u00e4\u00df Artikel 5 des Organgesetzes 15\/1999 vom 13. Dezember teilen wir Ihnen mit, dass die \u00fcber dieses Formular erfassten Daten in einer automatisierten Datei gespeichert werden, deren Inhaber Dicasa ist und die dazu dient, Kunden und Rechnungen sowie Verk\u00e4ufe, Einnahmen und Ausgaben zu verwalten, Statistiken und Gesch\u00e4ftsverl\u00e4ufe zu erstellen, Daten, die nach Steuer- und Handelsrecht gefordert werden, und eigene Daten aus der Gesch\u00e4ftsbeziehung zu speichern.<\/p>\n<p>Der Kunde gew\u00e4hrleistet zudem die Richtigkeit der mitgeteilten Daten und verpflichtet sich, Dicasa \u00fcber jede \u00c4nderung seiner Daten zu informieren.<\/p>\n<p>In Bezug auf die Verarbeitung und Nutzung der personenbezogenen Daten m\u00f6chten wir Sie daran erinnern, dass Sie jederzeit von Ihrem Recht auf Zugang, Berichtung, L\u00f6sung und Widerrufung Gebrauch machen k\u00f6nnen, indem Sie sich an Dicasa wenden und zwar per Brief, per Telefon (+34 972 554 636) oder per E-Mail dicasa@dicasa.es.<\/p>\n<\/div>\n<ul><\/ul>\n<p>&nbsp;<\/p>\n<p>[\/et_pb_text][\/et_pb_column][\/et_pb_row][\/et_pb_section]<\/p>\n","protected":false},"excerpt":{"rendered":"<p>Gem\u00e4\u00df Artikel 5 des Organgesetzes 15\/1999 vom 13. Dezember teilen wir Ihnen mit, dass die \u00fcber dieses Formular erfassten Daten in einer automatisierten Datei gespeichert werden, deren Inhaber Dicasa ist und die dazu dient, Kunden und Rechnungen sowie Verk\u00e4ufe, Einnahmen und Ausgaben zu verwalten, Statistiken und Gesch\u00e4ftsverl\u00e4ufe zu erstellen, Daten, die nach Steuer- und Handelsrecht [&hellip;]<\/p>\n","protected":false},"author":1,"featured_media":0,"parent":0,"menu_order":0,"comment_status":"closed","ping_status":"closed","template":"","meta":{"_et_pb_use_builder":"on","_et_pb_old_content":"<!-- wp:divi\/placeholder \/-->","_et_gb_content_width":"","footnotes":""},"class_list":["post-261","page","type-page","status-publish","hentry"],"_links":{"self":[{"href":"https:\/\/test.dicasa.es\/index.php?rest_route=\/wp\/v2\/pages\/261","targetHints":{"allow":["GET"]}}],"collection":[{"href":"https:\/\/test.dicasa.es\/index.php?rest_route=\/wp\/v2\/pages"}],"about":[{"href":"https:\/\/test.dicasa.es\/index.php?rest_route=\/wp\/v2\/types\/page"}],"author":[{"embeddable":true,"href":"https:\/\/test.dicasa.es\/index.php?rest_route=\/wp\/v2\/users\/1"}],"replies":[{"embeddable":true,"href":"https:\/\/test.dicasa.es\/index.php?rest_route=%2Fwp%2Fv2%2Fcomments&post=261"}],"version-history":[{"count":4,"href":"https:\/\/test.dicasa.es\/index.php?rest_route=\/wp\/v2\/pages\/261\/revisions"}],"predecessor-version":[{"id":273,"href":"https:\/\/test.dicasa.es\/index.php?rest_route=\/wp\/v2\/pages\/261\/revisions\/273"}],"wp:attachment":[{"href":"https:\/\/test.dicasa.es\/index.php?rest_route=%2Fwp%2Fv2%2Fmedia&parent=261"}],"curies":[{"name":"wp","href":"https:\/\/api.w.org\/{rel}","templated":true}]}}