{"id":265,"date":"2025-05-28T11:09:18","date_gmt":"2025-05-28T09:09:18","guid":{"rendered":"https:\/\/test.dicasa.es\/?page_id=265"},"modified":"2025-05-28T11:15:19","modified_gmt":"2025-05-28T09:15:19","slug":"priv_fr","status":"publish","type":"page","link":"https:\/\/test.dicasa.es\/?page_id=265","title":{"rendered":"PRIV_FR"},"content":{"rendered":"<p>[et_pb_section fb_built=\u00bb1&#8243; admin_label=\u00bbHeader \u00bb _builder_version=\u00bb4.27.4&#8243; _module_preset=\u00bb14596b1b-0854-41f4-bfdc-c66b31f3f309&#8243; background_color=\u00bb#F9F8F9&#8243; custom_margin=\u00bb||||false|false\u00bb custom_padding=\u00bb54px||2px|||\u00bb locked=\u00bboff\u00bb collapsed=\u00bbon\u00bb global_colors_info=\u00bb{%22gcid-1f1bf5fb-a99d-4acc-8d9e-ddac074c158c%22:%91%22background_color_gradient_stops%22,%22background_color_gradient_stops%22,%22background_color_gradient_stops%22,%22background_color_gradient_stops%22,%22background_color_gradient_stops%22,%22background_color_gradient_stops%22%93,%22gcid-a78660e1-cfc7-4771-a566-6834d6a7f06a%22:%91%22background_color_gradient_stops%22,%22background_color_gradient_stops%22,%22background_color_gradient_stops%22,%22background_color_gradient_stops%22,%22background_color_gradient_stops%22,%22background_color_gradient_stops%22%93,%22gcid-24b0db87-dafa-47d9-995f-b90181e18c52%22:%91%22background_color_gradient_stops%22,%22background_color_gradient_stops%22,%22background_color_gradient_stops%22,%22background_color_gradient_stops%22,%22background_color_gradient_stops%22,%22background_color_gradient_stops%22%93}\u00bb theme_builder_area=\u00bbpost_content\u00bb][et_pb_row _builder_version=\u00bb4.25.1&#8243; _module_preset=\u00bbdefault\u00bb custom_padding=\u00bb15px|||||\u00bb global_colors_info=\u00bb{}\u00bb theme_builder_area=\u00bbpost_content\u00bb][et_pb_column type=\u00bb4_4&#8243; _builder_version=\u00bb4.25.1&#8243; _module_preset=\u00bbdefault\u00bb global_colors_info=\u00bb{}\u00bb theme_builder_area=\u00bbpost_content\u00bb][et_pb_heading title=\u00bbPolitique de confidentialit\u00e9\u00bb _builder_version=\u00bb4.27.4&#8243; _module_preset=\u00bbf4e787ea-8f0e-4a7d-9ed8-ff35bd02d434&#8243; global_colors_info=\u00bb{}\u00bb theme_builder_area=\u00bbpost_content\u00bb][\/et_pb_heading][et_pb_divider _builder_version=\u00bb4.27.4&#8243; _module_preset=\u00bbf15f0b89-d3d4-49f9-a56d-823b41817ea8&#8243; custom_margin=\u00bb-25px||0px|||\u00bb global_colors_info=\u00bb{}\u00bb theme_builder_area=\u00bbpost_content\u00bb][\/et_pb_divider][et_pb_text _builder_version=\u00bb4.27.4&#8243; _module_preset=\u00bbcff959a8-d670-4f54-8d72-6022d2c38f48&#8243; global_colors_info=\u00bb{}\u00bb theme_builder_area=\u00bbpost_content\u00bb]<\/p>\n<p>Conform\u00e9ment aux dispositions de l\u2019article 5 de la Loi Organique 15\/1999, du 13 d\u00e9cembre, nous vous informons que les donn\u00e9es recueillies dans ce formulaire seront jointes \u00e0 un fichier automatis\u00e9 appartenant \u00e0 Dicasa, qui a pour but la gestion des clients et la facturation, la gestion des ventes et l\u2019encaissement et des paiements, l\u2019obtention de statistique et historiques commerciales, le stockage des donn\u00e9es exig\u00e9es par la norme fiscale et commerciale, ainsi que celles propres \u00e0 la relation commerciale.<\/p>\n<p>De m\u00eame, vous garantissez la v\u00e9racit\u00e9 des donn\u00e9es fournies et vous vous engagez \u00e0 informer Dicasa de toute mise \u00e0 jour de ces derni\u00e8res.<\/p>\n<p>En ce qui concerne le traitement et l\u2019usage de ces donn\u00e9es de caract\u00e8re personnel, nous vous rappelons que vous pouvez exercer un droit d\u2019acc\u00e8s, de rectification, d\u2019annulation et d\u2019opposition \u00e0 tout moment en contactant Dicasa par courrier, par t\u00e9l\u00e9phone (+34 972 554 636) ou par e-mail dicasa@dicasa.es.<\/p>\n<div class=\"readable-text\"><\/div>\n<ul><\/ul>\n<p>&nbsp;<\/p>\n<p>[\/et_pb_text][\/et_pb_column][\/et_pb_row][\/et_pb_section]<\/p>\n","protected":false},"excerpt":{"rendered":"<p>Conform\u00e9ment aux dispositions de l\u2019article 5 de la Loi Organique 15\/1999, du 13 d\u00e9cembre, nous vous informons que les donn\u00e9es recueillies dans ce formulaire seront jointes \u00e0 un fichier automatis\u00e9 appartenant \u00e0 Dicasa, qui a pour but la gestion des clients et la facturation, la gestion des ventes et l\u2019encaissement et des paiements, l\u2019obtention de [&hellip;]<\/p>\n","protected":false},"author":1,"featured_media":0,"parent":0,"menu_order":0,"comment_status":"closed","ping_status":"closed","template":"","meta":{"_et_pb_use_builder":"on","_et_pb_old_content":"<!-- wp:divi\/placeholder \/-->","_et_gb_content_width":"","footnotes":""},"class_list":["post-265","page","type-page","status-publish","hentry"],"_links":{"self":[{"href":"https:\/\/test.dicasa.es\/index.php?rest_route=\/wp\/v2\/pages\/265","targetHints":{"allow":["GET"]}}],"collection":[{"href":"https:\/\/test.dicasa.es\/index.php?rest_route=\/wp\/v2\/pages"}],"about":[{"href":"https:\/\/test.dicasa.es\/index.php?rest_route=\/wp\/v2\/types\/page"}],"author":[{"embeddable":true,"href":"https:\/\/test.dicasa.es\/index.php?rest_route=\/wp\/v2\/users\/1"}],"replies":[{"embeddable":true,"href":"https:\/\/test.dicasa.es\/index.php?rest_route=%2Fwp%2Fv2%2Fcomments&post=265"}],"version-history":[{"count":3,"href":"https:\/\/test.dicasa.es\/index.php?rest_route=\/wp\/v2\/pages\/265\/revisions"}],"predecessor-version":[{"id":275,"href":"https:\/\/test.dicasa.es\/index.php?rest_route=\/wp\/v2\/pages\/265\/revisions\/275"}],"wp:attachment":[{"href":"https:\/\/test.dicasa.es\/index.php?rest_route=%2Fwp%2Fv2%2Fmedia&parent=265"}],"curies":[{"name":"wp","href":"https:\/\/api.w.org\/{rel}","templated":true}]}}