{"id":267,"date":"2025-05-28T11:10:11","date_gmt":"2025-05-28T09:10:11","guid":{"rendered":"https:\/\/test.dicasa.es\/?page_id=267"},"modified":"2025-05-28T11:17:38","modified_gmt":"2025-05-28T09:17:38","slug":"priv_esp","status":"publish","type":"page","link":"https:\/\/test.dicasa.es\/?page_id=267","title":{"rendered":"PRIV_ESP"},"content":{"rendered":"<p>[et_pb_section fb_built=\u00bb1&#8243; admin_label=\u00bbHeader \u00bb _builder_version=\u00bb4.27.4&#8243; _module_preset=\u00bb14596b1b-0854-41f4-bfdc-c66b31f3f309&#8243; background_color=\u00bb#F9F8F9&#8243; custom_margin=\u00bb||||false|false\u00bb custom_padding=\u00bb54px||2px|||\u00bb locked=\u00bboff\u00bb collapsed=\u00bbon\u00bb global_colors_info=\u00bb{%22gcid-1f1bf5fb-a99d-4acc-8d9e-ddac074c158c%22:%91%22background_color_gradient_stops%22,%22background_color_gradient_stops%22,%22background_color_gradient_stops%22,%22background_color_gradient_stops%22,%22background_color_gradient_stops%22,%22background_color_gradient_stops%22%93,%22gcid-a78660e1-cfc7-4771-a566-6834d6a7f06a%22:%91%22background_color_gradient_stops%22,%22background_color_gradient_stops%22,%22background_color_gradient_stops%22,%22background_color_gradient_stops%22,%22background_color_gradient_stops%22,%22background_color_gradient_stops%22%93,%22gcid-24b0db87-dafa-47d9-995f-b90181e18c52%22:%91%22background_color_gradient_stops%22,%22background_color_gradient_stops%22,%22background_color_gradient_stops%22,%22background_color_gradient_stops%22,%22background_color_gradient_stops%22,%22background_color_gradient_stops%22%93}\u00bb theme_builder_area=\u00bbpost_content\u00bb][et_pb_row _builder_version=\u00bb4.25.1&#8243; _module_preset=\u00bbdefault\u00bb custom_padding=\u00bb15px|||||\u00bb global_colors_info=\u00bb{}\u00bb theme_builder_area=\u00bbpost_content\u00bb][et_pb_column type=\u00bb4_4&#8243; _builder_version=\u00bb4.25.1&#8243; _module_preset=\u00bbdefault\u00bb global_colors_info=\u00bb{}\u00bb theme_builder_area=\u00bbpost_content\u00bb][et_pb_heading title=\u00bbPol\u00edtica de privacidad\u00bb _builder_version=\u00bb4.27.4&#8243; _module_preset=\u00bbf4e787ea-8f0e-4a7d-9ed8-ff35bd02d434&#8243; global_colors_info=\u00bb{}\u00bb theme_builder_area=\u00bbpost_content\u00bb][\/et_pb_heading][et_pb_divider _builder_version=\u00bb4.27.4&#8243; _module_preset=\u00bbf15f0b89-d3d4-49f9-a56d-823b41817ea8&#8243; custom_margin=\u00bb-25px||0px|||\u00bb global_colors_info=\u00bb{}\u00bb theme_builder_area=\u00bbpost_content\u00bb][\/et_pb_divider][et_pb_text _builder_version=\u00bb4.27.4&#8243; _module_preset=\u00bbcff959a8-d670-4f54-8d72-6022d2c38f48&#8243; global_colors_info=\u00bb{}\u00bb theme_builder_area=\u00bbpost_content\u00bb]<\/p>\n<p>De acuerdo con lo que estableix el art\u00edculo 5 de la Ley Org\u00e1nica 15\/1999, a 13 de diciembre, os informamos que los datos recogidos en este formulario se incorporar\u00e1n en un fichero automatizado propiedad de Dicasa, que tiene por finalidad la gesti\u00f3n de clientes y facturaci\u00f3n, gesti\u00f3n de ventas t de cobros y pagos, obtenci\u00f3n de estad\u00edsticas y hist\u00f3ricos comerciales, almacenajes de los datos exigidos por la normativa fiscal y mercantil, as\u00ed como las propias de la relaci\u00f3n comercial.<\/p>\n<p>Del mismo modo, garantiza la verecidad de los datos facilitados y se compromete a proporcionar a Dicasa cualquier actualizaci\u00f3n de los mismos.<\/p>\n<p>El manejo y uso de estos datos de car\u00e1cter personal, os recordamos que en cualquier moment pueden ejercer sus derechos de acceso de rectificaci\u00f3n, de cancelaci\u00f3n y de oposici\u00f3n, contactando con Dicasa, mediante carta, por tel\u00e9fono (972 554 636) o e-mail dicasa@dicasa.es.<\/p>\n<div class=\"readable-text\"><\/div>\n<ul><\/ul>\n<p>&nbsp;<\/p>\n<p>[\/et_pb_text][\/et_pb_column][\/et_pb_row][\/et_pb_section]<\/p>\n","protected":false},"excerpt":{"rendered":"<p>De acuerdo con lo que estableix el art\u00edculo 5 de la Ley Org\u00e1nica 15\/1999, a 13 de diciembre, os informamos que los datos recogidos en este formulario se incorporar\u00e1n en un fichero automatizado propiedad de Dicasa, que tiene por finalidad la gesti\u00f3n de clientes y facturaci\u00f3n, gesti\u00f3n de ventas t de cobros y pagos, obtenci\u00f3n [&hellip;]<\/p>\n","protected":false},"author":1,"featured_media":0,"parent":0,"menu_order":0,"comment_status":"closed","ping_status":"closed","template":"","meta":{"_et_pb_use_builder":"on","_et_pb_old_content":"<!-- wp:divi\/placeholder \/-->","_et_gb_content_width":"","footnotes":""},"class_list":["post-267","page","type-page","status-publish","hentry"],"_links":{"self":[{"href":"https:\/\/test.dicasa.es\/index.php?rest_route=\/wp\/v2\/pages\/267","targetHints":{"allow":["GET"]}}],"collection":[{"href":"https:\/\/test.dicasa.es\/index.php?rest_route=\/wp\/v2\/pages"}],"about":[{"href":"https:\/\/test.dicasa.es\/index.php?rest_route=\/wp\/v2\/types\/page"}],"author":[{"embeddable":true,"href":"https:\/\/test.dicasa.es\/index.php?rest_route=\/wp\/v2\/users\/1"}],"replies":[{"embeddable":true,"href":"https:\/\/test.dicasa.es\/index.php?rest_route=%2Fwp%2Fv2%2Fcomments&post=267"}],"version-history":[{"count":3,"href":"https:\/\/test.dicasa.es\/index.php?rest_route=\/wp\/v2\/pages\/267\/revisions"}],"predecessor-version":[{"id":279,"href":"https:\/\/test.dicasa.es\/index.php?rest_route=\/wp\/v2\/pages\/267\/revisions\/279"}],"wp:attachment":[{"href":"https:\/\/test.dicasa.es\/index.php?rest_route=%2Fwp%2Fv2%2Fmedia&parent=267"}],"curies":[{"name":"wp","href":"https:\/\/api.w.org\/{rel}","templated":true}]}}