{"id":269,"date":"2025-05-28T11:10:49","date_gmt":"2025-05-28T09:10:49","guid":{"rendered":"https:\/\/test.dicasa.es\/?page_id=269"},"modified":"2025-05-28T11:16:27","modified_gmt":"2025-05-28T09:16:27","slug":"priv_cat","status":"publish","type":"page","link":"https:\/\/test.dicasa.es\/?page_id=269","title":{"rendered":"PRIV_CAT"},"content":{"rendered":"<p>[et_pb_section fb_built=\u00bb1&#8243; admin_label=\u00bbHeader \u00bb _builder_version=\u00bb4.27.4&#8243; _module_preset=\u00bb14596b1b-0854-41f4-bfdc-c66b31f3f309&#8243; background_color=\u00bb#F9F8F9&#8243; custom_margin=\u00bb||||false|false\u00bb custom_padding=\u00bb54px||2px|||\u00bb locked=\u00bboff\u00bb collapsed=\u00bbon\u00bb global_colors_info=\u00bb{%22gcid-1f1bf5fb-a99d-4acc-8d9e-ddac074c158c%22:%91%22background_color_gradient_stops%22,%22background_color_gradient_stops%22,%22background_color_gradient_stops%22,%22background_color_gradient_stops%22,%22background_color_gradient_stops%22,%22background_color_gradient_stops%22%93,%22gcid-a78660e1-cfc7-4771-a566-6834d6a7f06a%22:%91%22background_color_gradient_stops%22,%22background_color_gradient_stops%22,%22background_color_gradient_stops%22,%22background_color_gradient_stops%22,%22background_color_gradient_stops%22,%22background_color_gradient_stops%22%93,%22gcid-24b0db87-dafa-47d9-995f-b90181e18c52%22:%91%22background_color_gradient_stops%22,%22background_color_gradient_stops%22,%22background_color_gradient_stops%22,%22background_color_gradient_stops%22,%22background_color_gradient_stops%22,%22background_color_gradient_stops%22%93}\u00bb theme_builder_area=\u00bbpost_content\u00bb][et_pb_row _builder_version=\u00bb4.25.1&#8243; _module_preset=\u00bbdefault\u00bb custom_padding=\u00bb15px|||||\u00bb global_colors_info=\u00bb{}\u00bb theme_builder_area=\u00bbpost_content\u00bb][et_pb_column type=\u00bb4_4&#8243; _builder_version=\u00bb4.25.1&#8243; _module_preset=\u00bbdefault\u00bb global_colors_info=\u00bb{}\u00bb theme_builder_area=\u00bbpost_content\u00bb][et_pb_heading title=\u00bbPol\u00edtica de privacitat\u00bb _builder_version=\u00bb4.27.4&#8243; _module_preset=\u00bbf4e787ea-8f0e-4a7d-9ed8-ff35bd02d434&#8243; global_colors_info=\u00bb{}\u00bb theme_builder_area=\u00bbpost_content\u00bb][\/et_pb_heading][et_pb_divider _builder_version=\u00bb4.27.4&#8243; _module_preset=\u00bbf15f0b89-d3d4-49f9-a56d-823b41817ea8&#8243; custom_margin=\u00bb-25px||0px|||\u00bb global_colors_info=\u00bb{}\u00bb theme_builder_area=\u00bbpost_content\u00bb][\/et_pb_divider][et_pb_text _builder_version=\u00bb4.27.4&#8243; _module_preset=\u00bbcff959a8-d670-4f54-8d72-6022d2c38f48&#8243; global_colors_info=\u00bb{}\u00bb theme_builder_area=\u00bbpost_content\u00bb]<\/p>\n<p>En compliment d\u2019all\u00f2 que estableix l\u2019article 5 de la Llei Org\u00e0nica 15\/1999, de 13 de desembre, us informen que les dades recollides en aquest formulari s\u2019incorporen a un fitxer automatitzat propietat de Dicasa, que t\u00e9 per finalitat la gesti\u00f3 de clients i facturaci\u00f3, gesti\u00f3 de vendes i de cobraments i pagaments, obtenci\u00f3 d\u2019estad\u00edstiques i hist\u00f2rics comercials, enmagatzematge de les dades exigides per la normativa fiscal i mercantil, aix\u00ed com les pr\u00f2pies de la relaci\u00f3 comercial.<\/p>\n<p>Igualment, garanteix la verecitat de les dades facilitades i es compromet a proporcionar a Dicasa qualsevol actualitzaci\u00f3 de les mateixes.<\/p>\n<p>Pel que fa al tractament i a l\u2019\u00fas d\u2019aquestes dades de car\u00e0cter personal, us recordem que en qualsevol moment podeu exerci-ne els drets d\u2019acc\u00e9s, de rectificaci\u00f3, de cance\u0140laci\u00f3 i d\u2019oposici\u00f3, contactant amb Dicasa, mitjan\u00e7ant carta, per tel\u00e8fon (972 554 636) o e-mail dicasa@dicasa.es.<\/p>\n<div class=\"readable-text\"><\/div>\n<ul><\/ul>\n<p>&nbsp;<\/p>\n<p>[\/et_pb_text][\/et_pb_column][\/et_pb_row][\/et_pb_section]<\/p>\n","protected":false},"excerpt":{"rendered":"<p>En compliment d\u2019all\u00f2 que estableix l\u2019article 5 de la Llei Org\u00e0nica 15\/1999, de 13 de desembre, us informen que les dades recollides en aquest formulari s\u2019incorporen a un fitxer automatitzat propietat de Dicasa, que t\u00e9 per finalitat la gesti\u00f3 de clients i facturaci\u00f3, gesti\u00f3 de vendes i de cobraments i pagaments, obtenci\u00f3 d\u2019estad\u00edstiques i hist\u00f2rics [&hellip;]<\/p>\n","protected":false},"author":1,"featured_media":0,"parent":0,"menu_order":0,"comment_status":"closed","ping_status":"closed","template":"","meta":{"_et_pb_use_builder":"on","_et_pb_old_content":"<!-- wp:divi\/placeholder \/-->","_et_gb_content_width":"","footnotes":""},"class_list":["post-269","page","type-page","status-publish","hentry"],"_links":{"self":[{"href":"https:\/\/test.dicasa.es\/index.php?rest_route=\/wp\/v2\/pages\/269","targetHints":{"allow":["GET"]}}],"collection":[{"href":"https:\/\/test.dicasa.es\/index.php?rest_route=\/wp\/v2\/pages"}],"about":[{"href":"https:\/\/test.dicasa.es\/index.php?rest_route=\/wp\/v2\/types\/page"}],"author":[{"embeddable":true,"href":"https:\/\/test.dicasa.es\/index.php?rest_route=\/wp\/v2\/users\/1"}],"replies":[{"embeddable":true,"href":"https:\/\/test.dicasa.es\/index.php?rest_route=%2Fwp%2Fv2%2Fcomments&post=269"}],"version-history":[{"count":3,"href":"https:\/\/test.dicasa.es\/index.php?rest_route=\/wp\/v2\/pages\/269\/revisions"}],"predecessor-version":[{"id":277,"href":"https:\/\/test.dicasa.es\/index.php?rest_route=\/wp\/v2\/pages\/269\/revisions\/277"}],"wp:attachment":[{"href":"https:\/\/test.dicasa.es\/index.php?rest_route=%2Fwp%2Fv2%2Fmedia&parent=269"}],"curies":[{"name":"wp","href":"https:\/\/api.w.org\/{rel}","templated":true}]}}