{"id":46,"date":"2025-05-26T15:11:58","date_gmt":"2025-05-26T13:11:58","guid":{"rendered":"https:\/\/test.dicasa.es\/?page_id=46"},"modified":"2025-05-28T09:27:45","modified_gmt":"2025-05-28T07:27:45","slug":"about","status":"publish","type":"page","link":"https:\/\/test.dicasa.es\/?page_id=46","title":{"rendered":"C_CAT"},"content":{"rendered":"<p>[et_pb_section fb_built=\u00bb1&#8243; admin_label=\u00bbHeader \u00bb _builder_version=\u00bb4.27.4&#8243; _module_preset=\u00bb14596b1b-0854-41f4-bfdc-c66b31f3f309&#8243; background_color=\u00bb#F9F8F9&#8243; custom_margin=\u00bb||||false|false\u00bb custom_padding=\u00bb54px||2px|||\u00bb locked=\u00bboff\u00bb collapsed=\u00bbon\u00bb global_colors_info=\u00bb{%22gcid-1f1bf5fb-a99d-4acc-8d9e-ddac074c158c%22:%91%22background_color_gradient_stops%22,%22background_color_gradient_stops%22,%22background_color_gradient_stops%22,%22background_color_gradient_stops%22,%22background_color_gradient_stops%22,%22background_color_gradient_stops%22%93,%22gcid-a78660e1-cfc7-4771-a566-6834d6a7f06a%22:%91%22background_color_gradient_stops%22,%22background_color_gradient_stops%22,%22background_color_gradient_stops%22,%22background_color_gradient_stops%22,%22background_color_gradient_stops%22,%22background_color_gradient_stops%22%93,%22gcid-24b0db87-dafa-47d9-995f-b90181e18c52%22:%91%22background_color_gradient_stops%22,%22background_color_gradient_stops%22,%22background_color_gradient_stops%22,%22background_color_gradient_stops%22,%22background_color_gradient_stops%22,%22background_color_gradient_stops%22%93}\u00bb theme_builder_area=\u00bbpost_content\u00bb][et_pb_row _builder_version=\u00bb4.25.1&#8243; _module_preset=\u00bbdefault\u00bb custom_padding=\u00bb15px|||||\u00bb global_colors_info=\u00bb{}\u00bb theme_builder_area=\u00bbpost_content\u00bb][et_pb_column type=\u00bb4_4&#8243; _builder_version=\u00bb4.25.1&#8243; _module_preset=\u00bbdefault\u00bb global_colors_info=\u00bb{}\u00bb theme_builder_area=\u00bbpost_content\u00bb][et_pb_heading title=\u00bbPol\u00edtica de cookies\u00bb _builder_version=\u00bb4.27.4&#8243; _module_preset=\u00bbf4e787ea-8f0e-4a7d-9ed8-ff35bd02d434&#8243; global_colors_info=\u00bb{}\u00bb theme_builder_area=\u00bbpost_content\u00bb][\/et_pb_heading][et_pb_divider _builder_version=\u00bb4.27.4&#8243; _module_preset=\u00bbf15f0b89-d3d4-49f9-a56d-823b41817ea8&#8243; custom_margin=\u00bb-25px||0px|||\u00bb global_colors_info=\u00bb{}\u00bb theme_builder_area=\u00bbpost_content\u00bb][\/et_pb_divider][et_pb_text _builder_version=\u00bb4.27.4&#8243; _module_preset=\u00bbcff959a8-d670-4f54-8d72-6022d2c38f48&#8243; global_colors_info=\u00bb{}\u00bb theme_builder_area=\u00bbpost_content\u00bb]<\/p>\n<p>Aquest lloc web utilitza cookies. Les cookies s\u00f3n petits arxius de text en els quals els navegadors emmagatzemen informaci\u00f3 durant les visites a les p\u00e0gines web. A les cookies, s\u2019hi poden recollir dades com l\u2019adre\u00e7a IP, l\u2019adre\u00e7a que s\u2019est\u00e0 visitant, el sistema operatiu, l\u2019idioma de navegaci\u00f3, a m\u00e9s d\u2019altra informaci\u00f3. Aquesta informaci\u00f3 no queda associada a cap persona concreta sin\u00f3 que \u00e9s \u00fanicament informaci\u00f3 estad\u00edstica per analitzar la visibilitat dels diversos continguts del lloc web.<\/p>\n<p>A continuaci\u00f3, us donem informaci\u00f3 sobre quines cookies utilitza aquest lloc web aix\u00ed com de la forma de controlar la gesti\u00f3 de cookies i de com eliminar-les completament.<\/p>\n<h3>Aquest lloc web utilitza les seg\u00fcent cookies:<\/h3>\n<ul>\n<li>\n<p>Cookie de Google Analytics. Google Analytics \u00e9s un servei gratu\u00eft que ofereix Google Inc. i que recull informaci\u00f3 sobre quines p\u00e0gines del lloc web s\u2019han consultat, en quin moment, amb quin navegador, etc. Posteriorment, aquesta informaci\u00f3 s\u2019envia als servidors de Google Inc. als Estats Units.<\/p>\n<\/li>\n<li>\n<p>Cookies de caire t\u00e8cnic necess\u00e0ries pel correcte funcionament del web: XSRF-TOKEN i dicasa-distribuidora-de-carburante-s-a-session.<\/p>\n<\/li>\n<\/ul>\n<p>&nbsp;<\/p>\n<p>[\/et_pb_text][\/et_pb_column][\/et_pb_row][\/et_pb_section]<\/p>\n","protected":false},"excerpt":{"rendered":"<p>Aquest lloc web utilitza cookies. Les cookies s\u00f3n petits arxius de text en els quals els navegadors emmagatzemen informaci\u00f3 durant les visites a les p\u00e0gines web. A les cookies, s\u2019hi poden recollir dades com l\u2019adre\u00e7a IP, l\u2019adre\u00e7a que s\u2019est\u00e0 visitant, el sistema operatiu, l\u2019idioma de navegaci\u00f3, a m\u00e9s d\u2019altra informaci\u00f3. Aquesta informaci\u00f3 no queda associada [&hellip;]<\/p>\n","protected":false},"author":1,"featured_media":0,"parent":0,"menu_order":0,"comment_status":"closed","ping_status":"closed","template":"","meta":{"_et_pb_use_builder":"on","_et_pb_old_content":"","_et_gb_content_width":"","footnotes":""},"class_list":["post-46","page","type-page","status-publish","hentry"],"_links":{"self":[{"href":"https:\/\/test.dicasa.es\/index.php?rest_route=\/wp\/v2\/pages\/46","targetHints":{"allow":["GET"]}}],"collection":[{"href":"https:\/\/test.dicasa.es\/index.php?rest_route=\/wp\/v2\/pages"}],"about":[{"href":"https:\/\/test.dicasa.es\/index.php?rest_route=\/wp\/v2\/types\/page"}],"author":[{"embeddable":true,"href":"https:\/\/test.dicasa.es\/index.php?rest_route=\/wp\/v2\/users\/1"}],"replies":[{"embeddable":true,"href":"https:\/\/test.dicasa.es\/index.php?rest_route=%2Fwp%2Fv2%2Fcomments&post=46"}],"version-history":[{"count":4,"href":"https:\/\/test.dicasa.es\/index.php?rest_route=\/wp\/v2\/pages\/46\/revisions"}],"predecessor-version":[{"id":181,"href":"https:\/\/test.dicasa.es\/index.php?rest_route=\/wp\/v2\/pages\/46\/revisions\/181"}],"wp:attachment":[{"href":"https:\/\/test.dicasa.es\/index.php?rest_route=%2Fwp%2Fv2%2Fmedia&parent=46"}],"curies":[{"name":"wp","href":"https:\/\/api.w.org\/{rel}","templated":true}]}}